{"id":9531,"date":"2023-01-24T20:10:42","date_gmt":"2023-01-24T18:10:42","guid":{"rendered":"http:\/\/www.optik-foto-mueller.com\/wp\/shop\/moticam-a1\/"},"modified":"2023-01-25T09:43:42","modified_gmt":"2023-01-25T07:43:42","slug":"moticam-a1","status":"publish","type":"product","link":"http:\/\/www.optik-foto-mueller.com\/wp\/shop\/moticam-a1\/","title":{"rendered":"Moticam A1"},"content":{"rendered":"<p>aufsetzbare C-Mount Kamera<br \/>Sensor: sCMOS<br \/>Sensorgr\u00f6\u00dfe: 1\/3.1&#8243;<br \/>Livebild: 1MP (1280&#215;720, 1024&#215;768 Pixel)<br \/>Ausgang: USB 2.0 (Kabel abnehmbar)<br \/>Fokussierbare Makro-Linse: 12mm<br \/>2 Okularadapter (Gr\u00f6\u00dfe variabel), 30mm, 38mm<br \/>Makrotubus (mit Makrolinse zur Darstellung gro\u00dfer Objekte)<br \/>Software MotiConnect f\u00fcr Windows, OSX und Linux<br \/>CS ring adaptor, USB 2.0 cable, Motic 4-dot calibration slide, calibration card<br \/>Betriebssystem: Microsoft Windows 10, MAC OSX10.9, Linux UBUNTU1604 or higher<\/p>\n","protected":false},"excerpt":{"rendered":"<p>aufsetzbare C-Mount KameraSensor: sCMOSSensorgr\u00f6\u00dfe: 1\/3.1&#8243;Livebild: 1MP (1280&#215;720, 1024&#215;768 Pixel)Ausgang: USB 2.0 (Kabel abnehmbar)Fokussierbare Makro-Linse: 12mm2 Okularadapter (Gr\u00f6\u00dfe variabel), 30mm, 38mmMakrotubus (mit Makrolinse zur Darstellung gro\u00dfer Objekte)Software MotiConnect f\u00fcr Windows, OSX und LinuxCS ring adaptor, USB 2.0 cable, Motic 4-dot calibration &hellip; <a href=\"http:\/\/www.optik-foto-mueller.com\/wp\/shop\/moticam-a1\/\">Weiterlesen <span class=\"meta-nav\">&rarr;<\/span><\/a><\/p>\n","protected":false},"featured_media":9541,"comment_status":"open","ping_status":"closed","template":"","meta":[],"product_brand":[],"product_cat":[359,348],"product_tag":[],"class_list":{"0":"post-9531","1":"product","2":"type-product","3":"status-publish","4":"has-post-thumbnail","6":"product_cat-digitale-kameras","7":"product_cat-new-moticam-generation","9":"first","10":"instock","11":"taxable","12":"shipping-taxable","13":"purchasable","14":"product-type-simple"},"_links":{"self":[{"href":"http:\/\/www.optik-foto-mueller.com\/wp\/wp-json\/wp\/v2\/product\/9531","targetHints":{"allow":["GET"]}}],"collection":[{"href":"http:\/\/www.optik-foto-mueller.com\/wp\/wp-json\/wp\/v2\/product"}],"about":[{"href":"http:\/\/www.optik-foto-mueller.com\/wp\/wp-json\/wp\/v2\/types\/product"}],"replies":[{"embeddable":true,"href":"http:\/\/www.optik-foto-mueller.com\/wp\/wp-json\/wp\/v2\/comments?post=9531"}],"wp:featuredmedia":[{"embeddable":true,"href":"http:\/\/www.optik-foto-mueller.com\/wp\/wp-json\/wp\/v2\/media\/9541"}],"wp:attachment":[{"href":"http:\/\/www.optik-foto-mueller.com\/wp\/wp-json\/wp\/v2\/media?parent=9531"}],"wp:term":[{"taxonomy":"product_brand","embeddable":true,"href":"http:\/\/www.optik-foto-mueller.com\/wp\/wp-json\/wp\/v2\/product_brand?post=9531"},{"taxonomy":"product_cat","embeddable":true,"href":"http:\/\/www.optik-foto-mueller.com\/wp\/wp-json\/wp\/v2\/product_cat?post=9531"},{"taxonomy":"product_tag","embeddable":true,"href":"http:\/\/www.optik-foto-mueller.com\/wp\/wp-json\/wp\/v2\/product_tag?post=9531"}],"curies":[{"name":"wp","href":"https:\/\/api.w.org\/{rel}","templated":true}]}}