{"id":8716,"date":"2017-08-28T18:45:36","date_gmt":"2017-08-28T16:45:36","guid":{"rendered":"http:\/\/www.optik-foto-mueller.com\/wp\/shop\/ba410e-binokular-6-fach-revolver-50w\/"},"modified":"2017-09-03T11:57:47","modified_gmt":"2017-09-03T09:57:47","slug":"ba410e-binokular-6-fach-revolver-50w","status":"publish","type":"product","link":"http:\/\/www.optik-foto-mueller.com\/wp\/shop\/ba410e-binokular-6-fach-revolver-50w\/","title":{"rendered":"BA410E Binokular 6-fach Revolver 50W"},"content":{"rendered":"<p>Binokulartubus, Siedentopf Typ, 30\u00ba Einblickwinkel, 360\u00ba drehbar Weitfeld Brillentr\u00e4ger-Okulare N-WF10X\/22mm mit Dioptrieneinstellung an beiden Okularen, inkl. Augenmuscheln 6-fach Objektivrevolver, r\u00fcckw\u00e4rts gerichtet CCIS\u00ae Plan Achromat Objektive EC-H PL 4X, 10X, 40X (Feder), 100X (Feder\/\u00d6l) Koaxialer Grob- und Feintrieb, Grobtrieb einstellbar Kreuztisch mit Keramik-Einsatz und koaxialem, zahnstangenlosen Trieb (Wahlweise Rechts- oder Links-Hand-Bedienung). Achromatischer Klapp-Kondensor N.A. 0,90\/0.13 mit irisblende regelbare Halogen-Beleuchtung 12V\/50W nach K\u00f6hler mit externem Lampenhaus Auto-Off und Light Memory Funktion Netzteil 100V-240V, VDE-Stecker (CE) Blaufilter (\u00d8 45mm), Immersions-\u00d6l (5ml), Armst\u00fctze, Netzkabel, Inbusschl\u00fcssel, Staubschutzh\u00fclle<\/p>\n<p><a href=\"http:\/\/www.optik-foto-mueller.com\/wp\/wp-content\/uploads\/2017\/08\/BA410E_CA_1508_EN.pdf\">Prospekt BA410E Serie(PDF)<\/a><\/p>\n","protected":false},"excerpt":{"rendered":"<p>Binokulartubus, Siedentopf Typ, 30\u00ba Einblickwinkel, 360\u00ba drehbar Weitfeld Brillentr\u00e4ger-Okulare N-WF10X\/22mm mit Dioptrieneinstellung an beiden Okularen, inkl. Augenmuscheln 6-fach Objektivrevolver, r\u00fcckw\u00e4rts gerichtet CCIS\u00ae Plan Achromat Objektive EC-H PL 4X, 10X, 40X (Feder), 100X (Feder\/\u00d6l) Koaxialer Grob- und Feintrieb, Grobtrieb einstellbar Kreuztisch &hellip; <a href=\"http:\/\/www.optik-foto-mueller.com\/wp\/shop\/ba410e-binokular-6-fach-revolver-50w\/\">Weiterlesen <span class=\"meta-nav\">&rarr;<\/span><\/a><\/p>\n","protected":false},"featured_media":8282,"comment_status":"open","ping_status":"closed","template":"","meta":[],"product_brand":[],"product_cat":[387],"product_tag":[],"class_list":{"0":"post-8716","1":"product","2":"type-product","3":"status-publish","4":"has-post-thumbnail","6":"product_cat-ba410-elite-serie","8":"first","9":"instock","10":"taxable","11":"shipping-taxable","12":"purchasable","13":"product-type-simple"},"_links":{"self":[{"href":"http:\/\/www.optik-foto-mueller.com\/wp\/wp-json\/wp\/v2\/product\/8716","targetHints":{"allow":["GET"]}}],"collection":[{"href":"http:\/\/www.optik-foto-mueller.com\/wp\/wp-json\/wp\/v2\/product"}],"about":[{"href":"http:\/\/www.optik-foto-mueller.com\/wp\/wp-json\/wp\/v2\/types\/product"}],"replies":[{"embeddable":true,"href":"http:\/\/www.optik-foto-mueller.com\/wp\/wp-json\/wp\/v2\/comments?post=8716"}],"wp:featuredmedia":[{"embeddable":true,"href":"http:\/\/www.optik-foto-mueller.com\/wp\/wp-json\/wp\/v2\/media\/8282"}],"wp:attachment":[{"href":"http:\/\/www.optik-foto-mueller.com\/wp\/wp-json\/wp\/v2\/media?parent=8716"}],"wp:term":[{"taxonomy":"product_brand","embeddable":true,"href":"http:\/\/www.optik-foto-mueller.com\/wp\/wp-json\/wp\/v2\/product_brand?post=8716"},{"taxonomy":"product_cat","embeddable":true,"href":"http:\/\/www.optik-foto-mueller.com\/wp\/wp-json\/wp\/v2\/product_cat?post=8716"},{"taxonomy":"product_tag","embeddable":true,"href":"http:\/\/www.optik-foto-mueller.com\/wp\/wp-json\/wp\/v2\/product_tag?post=8716"}],"curies":[{"name":"wp","href":"https:\/\/api.w.org\/{rel}","templated":true}]}}