{"id":1290,"date":"2013-09-12T21:45:41","date_gmt":"2013-09-12T19:45:41","guid":{"rendered":"http:\/\/tischlerei-hechenblaikner.at\/?page_id=1290"},"modified":"2013-10-14T15:01:18","modified_gmt":"2013-10-14T13:01:18","slug":"impressum","status":"publish","type":"page","link":"http:\/\/www.optik-foto-mueller.com\/wp\/kontakt\/impressum\/","title":{"rendered":"Impressum"},"content":{"rendered":"<h2>Haftungsauschschluss<\/h2>\n<p>Es\u00a0liegt in der Natur des Internets, Inhalte verschiedener Website-Betreiber miteinander zu verkn\u00fcpfen Da wir jedoch keinen Einfluss auf den Inhalt fremder Internetseiten haben, distanzieren wir uns ausdr\u00fccklich von den Inhalten aller gelinkten Seiten.<\/p>\n<p>Der verlinkte Inhalt wurde zum Zeitpunkt der Verlinkung \u00fcberpr\u00fcft und f\u00fcr unbedenklich befunden.\u00a0Diese Erkl\u00e4rung gilt f\u00fcr s\u00e4mtliche auf dieser Website angef\u00fchrten Links.<\/p>\n<p>Die in dieser Website ver\u00f6ffentlichten Inhalte sind mit gr\u00f6\u00dfter Sorgfalt recherchiert. Dennoch k\u00f6nnen wir keine Gew\u00e4hr f\u00fcr die vollst\u00e4ndige Richtigkeit \u00fcbernehmen.\u2028 Alle Angaben erfolgen ohne Gew\u00e4hr. Eine Haftung f\u00fcr Sch\u00e4den, die sich aus der Verwendung der in dieser Website ver\u00f6ffentlichten Inhalte oder Services ergeben, ist ausgeschlossen.<\/p>\n<h2>Informationen gem\u00e4\u00df E-Commerce Gesetz, Unternehmensgesetzbuch und Gewerbeordnung<\/h2>\n<table>\n<colgroup>\n<col width=\"200\" \/>\n<col \/><\/colgroup>\n<tbody>\n<tr>\n<td><strong>Firma:<\/strong><br \/><strong>selbstgew\u00e4hlte Bezeichnung:<\/strong><\/td>\n<td>\n<p>Johann M\u00fcller<br \/>optik&amp;fotografie<br \/>FACHVERTRIEB F\u00dcR OPTISCHE INSTRUMENTE<br \/>STUDIO F\u00dcR WISSENSCHAFTLICHE FOTOGRAFIE<\/p>\n<\/td>\n<\/tr>\n<tr>\n<td>\n<p><strong>eMail:<\/strong><br \/><strong>Fax:<\/strong><\/p>\n<p><strong>Mobil:<\/strong><\/p>\n<\/td>\n<td>\n<p><a href=\"m&#97;&#x69;&#x6c;&#x74;o&#58;&#105;&#x6e;&#x66;o&#64;&#111;&#x70;&#x74;ik&#45;&#x66;&#x6f;&#x74;o&#45;&#x6d;&#x75;&#x65;l&#108;&#101;&#x72;&#x2e;c&#111;&#109;\">i&#110;&#102;&#x6f;&#x40;&#x6f;&#x70;t&#105;&#107;&#45;&#x66;&#x6f;&#x74;o-&#109;&#117;&#x65;&#x6c;&#x6c;er&#46;&#99;&#x6f;&#x6d;<br \/><\/a>+43 512 2199 2175 63<\/p>\n\t<a class=\"\" href=\"tel:+436505775151\">Mobil +43 650 577 5151<\/a>\n<\/td>\n<\/tr>\n<tr>\n<td><strong>Adresse:<\/strong><\/td>\n<td>Auweg 28,\u00a0A-6123 Terfens\u00a0 zum\u00a0<a title=\"Anfahrt\" href=\"http:\/\/www.optik-foto-mueller.com\/wp\/kontakt\/anfahrt\/\">Routenplaner<\/a><\/td>\n<\/tr>\n<tr>\n<td><strong>zust. Beh\u00f6rde:<\/strong><\/td>\n<td>Bezirkshauptmannschaft Schwaz<\/td>\n<\/tr>\n<tr>\n<td><strong>Gewerbeberechtigung:<\/strong><\/td>\n<td>Handel mit optischen und fototechnischen Ger\u00e4ten \/ Auftragsfotografie: wissenschaftliche Fotografie und Sachdokumentation<\/td>\n<\/tr>\n<tr>\n<td><strong>Gewerberegister:<\/strong><\/td>\n<td>BH Schwaz \/ Tirol \/ Austria<br \/>Registerzahl: 13102, 13103<\/td>\n<\/tr>\n<tr>\n<td><strong>UID-Nummer:<\/strong><\/td>\n<td>\u00a0ATU 64823409<\/td>\n<\/tr>\n<tr>\n<td><strong>EORI Nummer:<\/strong><\/td>\n<td>\u00a0ATEOS1000039926<\/td>\n<\/tr>\n<tr>\n<td><strong>D-U-N-S \u00ae Nummer:<\/strong><\/td>\n<td>300390968<\/td>\n<\/tr>\n<tr>\n<td><strong>Mitgliedschaft:<\/strong><\/td>\n<td>Wirtschaftskammer Tirol<br \/>Bundesinnung der Berufsfotografen \/ Berufsfotografen \u00d6sterreichs<br \/>Tourismusverband Silberregion Karwendel<\/td>\n<\/tr>\n<tr>\n<td><strong>Bankverbindung:<\/strong><\/td>\n<td>BAWAG PSK<br \/>BLZ 60000 Konto 6477118<br \/>BIC: OPSKATWW IBAN: AT876000000006477118<\/td>\n<\/tr>\n<\/tbody>\n<\/table>\n<p><a href=\"http:\/\/www.wkoecg.at\/Web\/Ecg.aspx?FirmaID=e18f6056-7900-4495-bf45-72fa995eff91\" target=\"_blank\"><img decoding=\"async\" style=\"border: 0px none;\" alt=\"Informationen zu E-Commerce und Mediengesetz\" src=\"http:\/\/www.wkoecg.at\/Web\/Library\/img\/ecg.gif\" \/><\/a><\/p>\n<h2>Impressum gem\u00e4\u00df Mediengesetz<\/h2>\n<table>\n<colgroup>\n<col width=\"200\" \/>\n<col \/><\/colgroup>\n<tbody>\n<tr>\n<td><strong>Medieninhaber\/<\/strong><br \/><strong> Herausgeber:<\/strong><\/td>\n<td>Johann M\u00fcller<\/p>\n<p>Auweg 28,\u00a0A-6123 Terfens<\/p>\n<\/td>\n<\/tr>\n<tr>\n<td><strong>Gegenstand der\u00a0 Internetpr\u00e4sentation:<\/strong><\/td>\n<td>Pr\u00e4sentation des Angebotes von optik&amp;fotografie Johann M\u00fcller und des Onlineshops f\u00fcr Mikroskopie<\/td>\n<\/tr>\n<tr>\n<td><strong>Medienunternehmen\/<\/strong><br \/><strong> Hersteller:<\/strong><\/td>\n<td><a title=\"Werbeagentur Webdesign Gallzein Tirol\" href=\"http:\/\/www.primemarketing.at\/\" target=\"_blank\">PrimeMarketing<\/a><br \/> A-6222 Gallzein<br \/> Hochgallzein 11b<br \/> (c) 2010 PrimeMarketing<\/td>\n<\/tr>\n<\/tbody>\n<\/table>\n<h2>Bildnachweis<\/h2>\n<ul>\n<li>Bilder von Wikipedia unter\u00a0<a title=\"Wikipedia Lizenz\" href=\"http:\/\/de.wikipedia.org\/wiki\/Wikipedia:Lizenzbestimmungen_Commons_Attribution-ShareAlike_3.0_Unported\" target=\"_blank\">Creative-Commons-Lizenz\u00a0Attribution-ShareAlike 3.0 Unported<\/a><\/li>\n<li>Archiv Johann M\u00fcller<\/li>\n<li>The Global Motic Group \/ Motic Deutschland GmbH<\/li>\n<li>Archiv\u00a0<a title=\"Webdesign und Werbeagentur PrimeMarketing - Ing. Heinz Laab\" href=\"http:\/\/www.primemarketing.at\/\" target=\"_blank\">PrimeMarketing<\/a>\u00a0&#8211; (c) Ing. Heinz Laab<\/li>\n<li>Stockphoto\u00a0<a href=\"http:\/\/de.fotolia.com\/\" target=\"_blank\">Fotolia<\/a><\/li>\n<li>Stockphoto\u00a0<a href=\"http:\/\/www.sxc.hu\/\" target=\"_blank\">Stock.XCHNG<\/a><\/li>\n<\/ul>\n","protected":false},"excerpt":{"rendered":"<p>Haftungsauschschluss Es\u00a0liegt in der Natur des Internets, Inhalte verschiedener Website-Betreiber miteinander zu verkn\u00fcpfen Da wir jedoch keinen Einfluss auf den Inhalt fremder Internetseiten haben, distanzieren wir uns ausdr\u00fccklich von den Inhalten aller gelinkten Seiten. Der verlinkte Inhalt wurde zum Zeitpunkt &hellip; <a href=\"http:\/\/www.optik-foto-mueller.com\/wp\/kontakt\/impressum\/\">Weiterlesen <span class=\"meta-nav\">&rarr;<\/span><\/a><\/p>\n","protected":false},"author":24,"featured_media":0,"parent":1307,"menu_order":0,"comment_status":"closed","ping_status":"closed","template":"sidebar-page.php","meta":{"footnotes":""},"class_list":["post-1290","page","type-page","status-publish","hentry"],"_links":{"self":[{"href":"http:\/\/www.optik-foto-mueller.com\/wp\/wp-json\/wp\/v2\/pages\/1290","targetHints":{"allow":["GET"]}}],"collection":[{"href":"http:\/\/www.optik-foto-mueller.com\/wp\/wp-json\/wp\/v2\/pages"}],"about":[{"href":"http:\/\/www.optik-foto-mueller.com\/wp\/wp-json\/wp\/v2\/types\/page"}],"author":[{"embeddable":true,"href":"http:\/\/www.optik-foto-mueller.com\/wp\/wp-json\/wp\/v2\/users\/24"}],"replies":[{"embeddable":true,"href":"http:\/\/www.optik-foto-mueller.com\/wp\/wp-json\/wp\/v2\/comments?post=1290"}],"version-history":[{"count":0,"href":"http:\/\/www.optik-foto-mueller.com\/wp\/wp-json\/wp\/v2\/pages\/1290\/revisions"}],"up":[{"embeddable":true,"href":"http:\/\/www.optik-foto-mueller.com\/wp\/wp-json\/wp\/v2\/pages\/1307"}],"wp:attachment":[{"href":"http:\/\/www.optik-foto-mueller.com\/wp\/wp-json\/wp\/v2\/media?parent=1290"}],"curies":[{"name":"wp","href":"https:\/\/api.w.org\/{rel}","templated":true}]}}